{"id":597,"date":"2021-09-29T14:07:28","date_gmt":"2021-09-29T11:07:28","guid":{"rendered":"https:\/\/peynircioglu-eren.av.tr\/?page_id=597"},"modified":"2023-03-21T15:58:16","modified_gmt":"2023-03-21T12:58:16","slug":"hakkimizda","status":"publish","type":"page","link":"https:\/\/peynircioglu-eren.av.tr\/en\/hakkimizda\/","title":{"rendered":"About Us"},"content":{"rendered":"<div data-elementor-type=\"wp-page\" data-elementor-id=\"597\" class=\"elementor elementor-597\" data-elementor-post-type=\"page\">\n\t\t\t\t\t\t<section class=\"elementor-section elementor-top-section elementor-element elementor-element-2dff8845 elementor-section-full_width elementor-section-stretched elementor-section-height-default elementor-section-height-default\" data-id=\"2dff8845\" data-element_type=\"section\" id=\"xs_testi_5\" data-settings=\"{&quot;background_background&quot;:&quot;classic&quot;,&quot;stretch_section&quot;:&quot;section-stretched&quot;}\">\n\t\t\t\t\t\t<div class=\"elementor-container elementor-column-gap-no\">\n\t\t\t\t\t<div class=\"elementor-column elementor-col-100 elementor-top-column elementor-element elementor-element-cb5012b\" data-id=\"cb5012b\" data-element_type=\"column\">\n\t\t\t<div class=\"elementor-widget-wrap elementor-element-populated\">\n\t\t\t\t\t\t<section class=\"elementor-section elementor-inner-section elementor-element elementor-element-60e7dec4 elementor-section-boxed elementor-section-height-default elementor-section-height-default\" data-id=\"60e7dec4\" data-element_type=\"section\">\n\t\t\t\t\t\t<div class=\"elementor-container elementor-column-gap-default\">\n\t\t\t\t\t<div class=\"elementor-column elementor-col-100 elementor-inner-column elementor-element elementor-element-714ff4c8\" data-id=\"714ff4c8\" data-element_type=\"column\">\n\t\t\t<div class=\"elementor-widget-wrap elementor-element-populated\">\n\t\t\t\t\t\t<div class=\"elementor-element elementor-element-17c3ad74 elementor-widget elementor-widget-elementskit-heading\" data-id=\"17c3ad74\" data-element_type=\"widget\" data-widget_type=\"elementskit-heading.default\">\n\t\t\t\t<div class=\"elementor-widget-container\">\n\t\t\t\t\t<div class=\"ekit-wid-con\" ><div class=\"ekit-heading elementskit-section-title-wraper text_center   ekit_heading_tablet-   ekit_heading_mobile-\"><h3 class=\"ekit-heading--title elementskit-section-title\">PEYN\u0130RC\u0130O\u011eLU &amp; EREN HUKUK | DANI\u015eMANLIK<\/h3><div class=\"ekit_heading_separetor_wraper ekit_heading_elementskit-border-divider\"><div class=\"elementskit-border-divider\"><\/div><\/div><\/div><\/div>\t\t\t\t<\/div>\n\t\t\t\t<\/div>\n\t\t\t\t\t<\/div>\n\t\t<\/div>\n\t\t\t\t\t<\/div>\n\t\t<\/section>\n\t\t\t\t\t<\/div>\n\t\t<\/div>\n\t\t\t\t\t<\/div>\n\t\t<\/section>\n\t\t\t\t<section class=\"elementor-section elementor-top-section elementor-element elementor-element-406b1b2 elementor-section-stretched elementor-section-boxed elementor-section-height-default elementor-section-height-default\" data-id=\"406b1b2\" data-element_type=\"section\" data-settings=\"{&quot;background_background&quot;:&quot;classic&quot;,&quot;stretch_section&quot;:&quot;section-stretched&quot;}\">\n\t\t\t\t\t\t\t<div class=\"elementor-background-overlay\"><\/div>\n\t\t\t\t\t\t\t<div class=\"elementor-container elementor-column-gap-wider\">\n\t\t\t\t\t<div class=\"elementor-column elementor-col-50 elementor-top-column elementor-element elementor-element-7afdc80\" data-id=\"7afdc80\" data-element_type=\"column\">\n\t\t\t<div class=\"elementor-widget-wrap elementor-element-populated\">\n\t\t\t\t\t\t<div class=\"elementor-element elementor-element-fd9ac02 elementor-widget elementor-widget-image\" data-id=\"fd9ac02\" data-element_type=\"widget\" data-widget_type=\"image.default\">\n\t\t\t\t<div class=\"elementor-widget-container\">\n\t\t\t\t\t\t\t\t\t\t\t\t\t\t\t<img fetchpriority=\"high\" decoding=\"async\" width=\"2560\" height=\"1707\" src=\"https:\/\/peynircioglu-eren.av.tr\/wp-content\/uploads\/2021\/09\/hukuk-1-scaled.jpg\" class=\"attachment-full size-full wp-image-249\" alt=\"Hakk\u0131m\u0131zda-Hukuk-1\" srcset=\"https:\/\/peynircioglu-eren.av.tr\/wp-content\/uploads\/2021\/09\/hukuk-1-scaled.jpg 2560w, https:\/\/peynircioglu-eren.av.tr\/wp-content\/uploads\/2021\/09\/hukuk-1-300x200.jpg 300w, https:\/\/peynircioglu-eren.av.tr\/wp-content\/uploads\/2021\/09\/hukuk-1-1024x683.jpg 1024w, https:\/\/peynircioglu-eren.av.tr\/wp-content\/uploads\/2021\/09\/hukuk-1-768x512.jpg 768w, https:\/\/peynircioglu-eren.av.tr\/wp-content\/uploads\/2021\/09\/hukuk-1-1536x1024.jpg 1536w, https:\/\/peynircioglu-eren.av.tr\/wp-content\/uploads\/2021\/09\/hukuk-1-2048x1365.jpg 2048w\" sizes=\"(max-width: 2560px) 100vw, 2560px\" \/>\t\t\t\t\t\t\t\t\t\t\t\t\t\t\t<\/div>\n\t\t\t\t<\/div>\n\t\t\t\t\t<\/div>\n\t\t<\/div>\n\t\t\t\t<div class=\"elementor-column elementor-col-50 elementor-top-column elementor-element elementor-element-92ad355\" data-id=\"92ad355\" data-element_type=\"column\">\n\t\t\t<div class=\"elementor-widget-wrap elementor-element-populated\">\n\t\t\t\t\t\t<div class=\"elementor-element elementor-element-4ebaffe elementor-widget elementor-widget-heading\" data-id=\"4ebaffe\" data-element_type=\"widget\" data-widget_type=\"heading.default\">\n\t\t\t\t<div class=\"elementor-widget-container\">\n\t\t\t\t\t<h2 class=\"elementor-heading-title elementor-size-default\">Vision<\/h2>\t\t\t\t<\/div>\n\t\t\t\t<\/div>\n\t\t\t\t<div class=\"elementor-element elementor-element-fde3dae elementor-widget elementor-widget-text-editor\" data-id=\"fde3dae\" data-element_type=\"widget\" data-widget_type=\"text-editor.default\">\n\t\t\t\t<div class=\"elementor-widget-container\">\n\t\t\t\t\t\t\t\t\t<p class=\"MsoNormal\" style=\"text-align: justify;\"><span lang=\"TR\">Our vision is to be a law office, which is internationally recognized in various disciplines of law for carrying out its pursuits innovatively, with utmost priority to clients\u2019 needs by adopting the highest standards of the profession and by managing legal risks in the most effective way.<\/span><\/p><p style=\"text-align: justify;\">\u00a0<\/p>\t\t\t\t\t\t\t\t<\/div>\n\t\t\t\t<\/div>\n\t\t\t\t\t<\/div>\n\t\t<\/div>\n\t\t\t\t\t<\/div>\n\t\t<\/section>\n\t\t\t\t<section class=\"elementor-section elementor-top-section elementor-element elementor-element-7ba0016 elementor-section-stretched elementor-section-boxed elementor-section-height-default elementor-section-height-default\" data-id=\"7ba0016\" data-element_type=\"section\" data-settings=\"{&quot;background_background&quot;:&quot;classic&quot;,&quot;stretch_section&quot;:&quot;section-stretched&quot;}\">\n\t\t\t\t\t\t\t<div class=\"elementor-background-overlay\"><\/div>\n\t\t\t\t\t\t\t<div class=\"elementor-container elementor-column-gap-wider\">\n\t\t\t\t\t<div class=\"elementor-column elementor-col-50 elementor-top-column elementor-element elementor-element-7ef1c26\" data-id=\"7ef1c26\" data-element_type=\"column\">\n\t\t\t<div class=\"elementor-widget-wrap elementor-element-populated\">\n\t\t\t\t\t\t<div class=\"elementor-element elementor-element-a02ccb4 elementor-widget elementor-widget-image\" data-id=\"a02ccb4\" data-element_type=\"widget\" data-widget_type=\"image.default\">\n\t\t\t\t<div class=\"elementor-widget-container\">\n\t\t\t\t\t\t\t\t\t\t\t\t\t\t\t<img decoding=\"async\" width=\"2560\" height=\"1707\" src=\"https:\/\/peynircioglu-eren.av.tr\/wp-content\/uploads\/2021\/09\/hukuk-3-scaled.jpg\" class=\"attachment-full size-full wp-image-292\" alt=\"Hakk\u0131m\u0131zda-Hukuk-2\" srcset=\"https:\/\/peynircioglu-eren.av.tr\/wp-content\/uploads\/2021\/09\/hukuk-3-scaled.jpg 2560w, https:\/\/peynircioglu-eren.av.tr\/wp-content\/uploads\/2021\/09\/hukuk-3-300x200.jpg 300w, https:\/\/peynircioglu-eren.av.tr\/wp-content\/uploads\/2021\/09\/hukuk-3-1024x683.jpg 1024w, https:\/\/peynircioglu-eren.av.tr\/wp-content\/uploads\/2021\/09\/hukuk-3-768x512.jpg 768w, https:\/\/peynircioglu-eren.av.tr\/wp-content\/uploads\/2021\/09\/hukuk-3-1536x1024.jpg 1536w, https:\/\/peynircioglu-eren.av.tr\/wp-content\/uploads\/2021\/09\/hukuk-3-2048x1365.jpg 2048w\" sizes=\"(max-width: 2560px) 100vw, 2560px\" \/>\t\t\t\t\t\t\t\t\t\t\t\t\t\t\t<\/div>\n\t\t\t\t<\/div>\n\t\t\t\t\t<\/div>\n\t\t<\/div>\n\t\t\t\t<div class=\"elementor-column elementor-col-50 elementor-top-column elementor-element elementor-element-9f5df28\" data-id=\"9f5df28\" data-element_type=\"column\">\n\t\t\t<div class=\"elementor-widget-wrap elementor-element-populated\">\n\t\t\t\t\t\t<div class=\"elementor-element elementor-element-e66613b elementor-widget elementor-widget-heading\" data-id=\"e66613b\" data-element_type=\"widget\" data-widget_type=\"heading.default\">\n\t\t\t\t<div class=\"elementor-widget-container\">\n\t\t\t\t\t<h2 class=\"elementor-heading-title elementor-size-default\">Mission<\/h2>\t\t\t\t<\/div>\n\t\t\t\t<\/div>\n\t\t\t\t<div class=\"elementor-element elementor-element-a7029bb elementor-widget elementor-widget-text-editor\" data-id=\"a7029bb\" data-element_type=\"widget\" data-widget_type=\"text-editor.default\">\n\t\t\t\t<div class=\"elementor-widget-container\">\n\t\t\t\t\t\t\t\t\t<p style=\"text-align: justify;\">Our mission is to provide the most appropriate and highest quality solutions specific to each and every need of our clients within the rules and ethics of the profession. In this context, as Peynircio\u011flu &amp; Eren Law Consulancy Office, our mission is to become our clients\u2019 solution partner in legal matters and to provide our clients with the best legal services in relation to all their needs from the most complex issues to the matters regarding their daily operations.<\/p>\t\t\t\t\t\t\t\t<\/div>\n\t\t\t\t<\/div>\n\t\t\t\t\t<\/div>\n\t\t<\/div>\n\t\t\t\t\t<\/div>\n\t\t<\/section>\n\t\t\t\t<section class=\"elementor-section elementor-top-section elementor-element elementor-element-208de3d5 elementor-section-full_width elementor-section-stretched elementor-section-height-default elementor-section-height-default\" data-id=\"208de3d5\" data-element_type=\"section\" id=\"xs_team_7\" data-settings=\"{&quot;stretch_section&quot;:&quot;section-stretched&quot;,&quot;background_background&quot;:&quot;classic&quot;}\">\n\t\t\t\t\t\t<div class=\"elementor-container elementor-column-gap-no\">\n\t\t\t\t\t<div class=\"elementor-column elementor-col-100 elementor-top-column elementor-element elementor-element-77205588\" data-id=\"77205588\" data-element_type=\"column\">\n\t\t\t<div class=\"elementor-widget-wrap elementor-element-populated\">\n\t\t\t\t\t\t<div class=\"elementor-element elementor-element-5db5cada elementor-widget elementor-widget-elementskit-heading\" data-id=\"5db5cada\" data-element_type=\"widget\" data-widget_type=\"elementskit-heading.default\">\n\t\t\t\t<div class=\"elementor-widget-container\">\n\t\t\t\t\t<div class=\"ekit-wid-con\" ><div class=\"ekit-heading elementskit-section-title-wraper center   ekit_heading_tablet-   ekit_heading_mobile-\"><h2 class=\"ekit-heading--title elementskit-section-title\">Our Team<\/h2><div class=\"ekit_heading_separetor_wraper ekit_heading_elementskit-border-divider\"><div class=\"elementskit-border-divider\"><\/div><\/div><\/div><\/div>\t\t\t\t<\/div>\n\t\t\t\t<\/div>\n\t\t\t\t<section class=\"elementor-section elementor-inner-section elementor-element elementor-element-1eefa320 elementor-section-boxed elementor-section-height-default elementor-section-height-default\" data-id=\"1eefa320\" data-element_type=\"section\">\n\t\t\t\t\t\t<div class=\"elementor-container elementor-column-gap-default\">\n\t\t\t\t\t<div class=\"elementor-column elementor-col-50 elementor-inner-column elementor-element elementor-element-232c3ed5\" data-id=\"232c3ed5\" data-element_type=\"column\">\n\t\t\t<div class=\"elementor-widget-wrap elementor-element-populated\">\n\t\t\t\t\t\t<div class=\"elementor-element elementor-element-3f4a307 elementor-widget elementor-widget-elementskit-team\" data-id=\"3f4a307\" data-element_type=\"widget\" data-widget_type=\"elementskit-team.default\">\n\t\t\t\t<div class=\"elementor-widget-container\">\n\t\t\t\t\t<div class=\"ekit-wid-con\">\t\t\t\t <div class=\"profile-square-v square-v5 no_gutters\"> \t\t\t\t\n\t\t<div class=\"profile-card elementor-animation- text-center ekit-team-style-centered_style_details\">\n\t\t\t\t\t\t\n\t\t\t\t<div class=\"profile-header ekit-team-img\" >\n\t\t\t\t\t<img decoding=\"async\" width=\"585\" height=\"775\" src=\"https:\/\/peynircioglu-eren.av.tr\/wp-content\/uploads\/2021\/09\/Eren-Peynircioglu-Ekip.jpg\" class=\"attachment-full size-full wp-image-498\" alt=\"Eren-Peynircioglu-Ekip\" srcset=\"https:\/\/peynircioglu-eren.av.tr\/wp-content\/uploads\/2021\/09\/Eren-Peynircioglu-Ekip.jpg 585w, https:\/\/peynircioglu-eren.av.tr\/wp-content\/uploads\/2021\/09\/Eren-Peynircioglu-Ekip-226x300.jpg 226w\" sizes=\"(max-width: 585px) 100vw, 585px\" \/>\t\t\t\t<\/div><!-- .profile-header END -->\n\t\t\t\t\t\t\n\n\t\t\t\t<div class=\"profile-body\">\n\t\t\t\t\t\n\t\t\t\t\t<h2 class=\"profile-title\">\n\t\t\t\t\t\t\t\t\t\t\tAv. Evrim Peynircio\u011flu, LL.M. \t\t\t\t\t\t\t\t\t\t<\/h2>\n\t\t\t\t\t<p class=\"profile-designation\">Founding Partner<\/p>\n\t\t\t\t\t\t\t\t\t\t<p class=\"profile-content\">-Galatasaray University, LL.M. in Economics Law, \u0130stanbul, 2021<br><br>\n-Yeditepe University, Faculty of Law, \u0130stanbul, 2014\n<\/p>\n\t\t\t\t\t\t\t\t\t<\/div><!-- .profile-body END -->\n\n\t\t\t\t\t\t\t\t<\/div>\n\t\t\t\t <\/div> \t\t\t\n\t\t\t\n\t\t\t\t<\/div>\t\t\t\t<\/div>\n\t\t\t\t<\/div>\n\t\t\t\t\t<\/div>\n\t\t<\/div>\n\t\t\t\t<div class=\"elementor-column elementor-col-50 elementor-inner-column elementor-element elementor-element-6091d5b9\" data-id=\"6091d5b9\" data-element_type=\"column\">\n\t\t\t<div class=\"elementor-widget-wrap elementor-element-populated\">\n\t\t\t\t\t\t<div class=\"elementor-element elementor-element-35472c64 elementor-widget elementor-widget-elementskit-team\" data-id=\"35472c64\" data-element_type=\"widget\" data-widget_type=\"elementskit-team.default\">\n\t\t\t\t<div class=\"elementor-widget-container\">\n\t\t\t\t\t<div class=\"ekit-wid-con\">\t\t\t\t <div class=\"profile-square-v square-v5 no_gutters\"> \t\t\t\t\n\t\t<div class=\"profile-card elementor-animation- text-center ekit-team-style-centered_style_details\">\n\t\t\t\t\t\t\n\t\t\t\t<div class=\"profile-header ekit-team-img\" >\n\t\t\t\t\t<img loading=\"lazy\" decoding=\"async\" width=\"585\" height=\"775\" src=\"https:\/\/peynircioglu-eren.av.tr\/wp-content\/uploads\/2021\/10\/Erdem-Eren-Ekip-v2.jpg\" class=\"attachment-full size-full wp-image-678\" alt=\"\" srcset=\"https:\/\/peynircioglu-eren.av.tr\/wp-content\/uploads\/2021\/10\/Erdem-Eren-Ekip-v2.jpg 585w, https:\/\/peynircioglu-eren.av.tr\/wp-content\/uploads\/2021\/10\/Erdem-Eren-Ekip-v2-226x300.jpg 226w, https:\/\/peynircioglu-eren.av.tr\/wp-content\/uploads\/2021\/10\/Erdem-Eren-Ekip-v2-9x12.jpg 9w\" sizes=\"(max-width: 585px) 100vw, 585px\" \/>\t\t\t\t<\/div><!-- .profile-header END -->\n\t\t\t\t\t\t\n\n\t\t\t\t<div class=\"profile-body\">\n\t\t\t\t\t\n\t\t\t\t\t<h2 class=\"profile-title\">\n\t\t\t\t\t\t\t\t\t\t\tAtt. \u015eeref Erdem Eren\t\t\t\t\t\t\t\t\t\t<\/h2>\n\t\t\t\t\t<p class=\"profile-designation\">Founding Partner<\/p>\n\t\t\t\t\t\t\t\t\t\t<p class=\"profile-content\">-Yeditepe University, Faculty of Law, \u0130stanbul, 2013<\/p>\n\t\t\t\t\t\t\t\t\t<\/div><!-- .profile-body END -->\n\n\t\t\t\t\t\t\t\t<\/div>\n\t\t\t\t <\/div> \t\t\t\n\t\t\t\n\t\t\t\t<\/div>\t\t\t\t<\/div>\n\t\t\t\t<\/div>\n\t\t\t\t\t<\/div>\n\t\t<\/div>\n\t\t\t\t\t<\/div>\n\t\t<\/section>\n\t\t\t\t\t<\/div>\n\t\t<\/div>\n\t\t\t\t\t<\/div>\n\t\t<\/section>\n\t\t\t\t<\/div>","protected":false},"excerpt":{"rendered":"<p>Peynircio\u011flu &amp; Eren Hukuk | Dan\u0131\u015fmanl\u0131k Vizyon Vizyonumuz, farkl\u0131 hukuk disiplinlerinde uluslararas\u0131 alanda tan\u0131nan, avukatl\u0131k mesle\u011fini m\u00fcvekkillerimizin ihtiya\u00e7lar\u0131n\u0131 en \u00f6nde tutmak suretiyle yarat\u0131c\u0131 \u00e7\u00f6z\u00fcmler sunarak icra eden, mesle\u011fimizin gerektirdi\u011fi en \u00fcst standartlar\u0131 benimsemi\u015f ve muhtemel hukuki riskleri en sa\u011fl\u0131kl\u0131 \u015fekilde [&hellip;]<\/p>","protected":false},"author":1,"featured_media":0,"parent":0,"menu_order":0,"comment_status":"closed","ping_status":"closed","template":"","meta":{"footnotes":""},"class_list":["post-597","page","type-page","status-publish","hentry"],"yoast_head":"<!-- This site is optimized with the Yoast SEO plugin v24.4 - https:\/\/yoast.com\/wordpress\/plugins\/seo\/ -->\n<title>Hakk\u0131m\u0131zda - Peynircio\u011flu &amp; Eren Hukuk | Dan\u0131\u015fmanl\u0131k Ofisi<\/title>\n<meta name=\"robots\" content=\"index, follow, max-snippet:-1, max-image-preview:large, max-video-preview:-1\" \/>\n<link rel=\"canonical\" href=\"https:\/\/peynircioglu-eren.av.tr\/en\/hakkimizda\/\" \/>\n<meta property=\"og:locale\" content=\"en_GB\" \/>\n<meta property=\"og:type\" content=\"article\" \/>\n<meta property=\"og:title\" content=\"Hakk\u0131m\u0131zda - Peynircio\u011flu &amp; Eren Hukuk | Dan\u0131\u015fmanl\u0131k Ofisi\" \/>\n<meta property=\"og:description\" content=\"Peynircio\u011flu &amp; Eren Hukuk | Dan\u0131\u015fmanl\u0131k Vizyon Vizyonumuz, farkl\u0131 hukuk disiplinlerinde uluslararas\u0131 alanda tan\u0131nan, avukatl\u0131k mesle\u011fini m\u00fcvekkillerimizin ihtiya\u00e7lar\u0131n\u0131 en \u00f6nde tutmak suretiyle yarat\u0131c\u0131 \u00e7\u00f6z\u00fcmler sunarak icra eden, mesle\u011fimizin gerektirdi\u011fi en \u00fcst standartlar\u0131 benimsemi\u015f ve muhtemel hukuki riskleri en sa\u011fl\u0131kl\u0131 \u015fekilde [&hellip;]\" \/>\n<meta property=\"og:url\" content=\"https:\/\/peynircioglu-eren.av.tr\/en\/hakkimizda\/\" \/>\n<meta property=\"og:site_name\" content=\"Peynircio\u011flu &amp; Eren Hukuk | Dan\u0131\u015fmanl\u0131k Ofisi\" \/>\n<meta property=\"article:modified_time\" content=\"2023-03-21T12:58:16+00:00\" \/>\n<meta property=\"og:image\" content=\"https:\/\/peynircioglu-eren.av.tr\/wp-content\/uploads\/2021\/09\/hukuk-1-scaled.jpg\" \/>\n<meta name=\"twitter:card\" content=\"summary_large_image\" \/>\n<meta name=\"twitter:label1\" content=\"Estimated reading time\" \/>\n\t<meta name=\"twitter:data1\" content=\"2 minutes\" \/>\n<script type=\"application\/ld+json\" class=\"yoast-schema-graph\">{\"@context\":\"https:\/\/schema.org\",\"@graph\":[{\"@type\":\"WebPage\",\"@id\":\"https:\/\/peynircioglu-eren.av.tr\/hakkimizda\/\",\"url\":\"https:\/\/peynircioglu-eren.av.tr\/hakkimizda\/\",\"name\":\"Hakk\u0131m\u0131zda - Peynircio\u011flu &amp; Eren Hukuk | Dan\u0131\u015fmanl\u0131k Ofisi\",\"isPartOf\":{\"@id\":\"https:\/\/peynircioglu-eren.av.tr\/#website\"},\"primaryImageOfPage\":{\"@id\":\"https:\/\/peynircioglu-eren.av.tr\/hakkimizda\/#primaryimage\"},\"image\":{\"@id\":\"https:\/\/peynircioglu-eren.av.tr\/hakkimizda\/#primaryimage\"},\"thumbnailUrl\":\"https:\/\/peynircioglu-eren.av.tr\/wp-content\/uploads\/2021\/09\/hukuk-1-scaled.jpg\",\"datePublished\":\"2021-09-29T11:07:28+00:00\",\"dateModified\":\"2023-03-21T12:58:16+00:00\",\"breadcrumb\":{\"@id\":\"https:\/\/peynircioglu-eren.av.tr\/hakkimizda\/#breadcrumb\"},\"inLanguage\":\"en-GB\",\"potentialAction\":[{\"@type\":\"ReadAction\",\"target\":[\"https:\/\/peynircioglu-eren.av.tr\/hakkimizda\/\"]}]},{\"@type\":\"ImageObject\",\"inLanguage\":\"en-GB\",\"@id\":\"https:\/\/peynircioglu-eren.av.tr\/hakkimizda\/#primaryimage\",\"url\":\"https:\/\/peynircioglu-eren.av.tr\/wp-content\/uploads\/2021\/09\/hukuk-1-scaled.jpg\",\"contentUrl\":\"https:\/\/peynircioglu-eren.av.tr\/wp-content\/uploads\/2021\/09\/hukuk-1-scaled.jpg\"},{\"@type\":\"BreadcrumbList\",\"@id\":\"https:\/\/peynircioglu-eren.av.tr\/hakkimizda\/#breadcrumb\",\"itemListElement\":[{\"@type\":\"ListItem\",\"position\":1,\"name\":\"Anasayfa\",\"item\":\"https:\/\/peynircioglu-eren.av.tr\/\"},{\"@type\":\"ListItem\",\"position\":2,\"name\":\"Hakk\u0131m\u0131zda\"}]},{\"@type\":\"WebSite\",\"@id\":\"https:\/\/peynircioglu-eren.av.tr\/#website\",\"url\":\"https:\/\/peynircioglu-eren.av.tr\/\",\"name\":\"Peynircio\u011flu &amp; Eren Hukuk | Dan\u0131\u015fmanl\u0131k Ofisi\",\"description\":\"Peynircio\u011flu &amp; Eren Hukuk | Dan\u0131\u015fmanl\u0131k Ofisi\",\"publisher\":{\"@id\":\"https:\/\/peynircioglu-eren.av.tr\/#organization\"},\"potentialAction\":[{\"@type\":\"SearchAction\",\"target\":{\"@type\":\"EntryPoint\",\"urlTemplate\":\"https:\/\/peynircioglu-eren.av.tr\/?s={search_term_string}\"},\"query-input\":{\"@type\":\"PropertyValueSpecification\",\"valueRequired\":true,\"valueName\":\"search_term_string\"}}],\"inLanguage\":\"en-GB\"},{\"@type\":\"Organization\",\"@id\":\"https:\/\/peynircioglu-eren.av.tr\/#organization\",\"name\":\"Peynircio\u011flu &amp; Eren Hukuk | Dan\u0131\u015fmanl\u0131k Ofisi\",\"url\":\"https:\/\/peynircioglu-eren.av.tr\/\",\"logo\":{\"@type\":\"ImageObject\",\"inLanguage\":\"en-GB\",\"@id\":\"https:\/\/peynircioglu-eren.av.tr\/#\/schema\/logo\/image\/\",\"url\":\"https:\/\/peynircioglu-eren.av.tr\/wp-content\/uploads\/2021\/10\/pe-imza.jpg\",\"contentUrl\":\"https:\/\/peynircioglu-eren.av.tr\/wp-content\/uploads\/2021\/10\/pe-imza.jpg\",\"width\":320,\"height\":320,\"caption\":\"Peynircio\u011flu &amp; Eren Hukuk | Dan\u0131\u015fmanl\u0131k Ofisi\"},\"image\":{\"@id\":\"https:\/\/peynircioglu-eren.av.tr\/#\/schema\/logo\/image\/\"}}]}<\/script>\n<!-- \/ Yoast SEO plugin. -->","yoast_head_json":{"title":"Hakk\u0131m\u0131zda - Peynircio\u011flu &amp; Eren Hukuk | Dan\u0131\u015fmanl\u0131k Ofisi","robots":{"index":"index","follow":"follow","max-snippet":"max-snippet:-1","max-image-preview":"max-image-preview:large","max-video-preview":"max-video-preview:-1"},"canonical":"https:\/\/peynircioglu-eren.av.tr\/en\/hakkimizda\/","og_locale":"en_GB","og_type":"article","og_title":"Hakk\u0131m\u0131zda - Peynircio\u011flu &amp; Eren Hukuk | Dan\u0131\u015fmanl\u0131k Ofisi","og_description":"Peynircio\u011flu &amp; Eren Hukuk | Dan\u0131\u015fmanl\u0131k Vizyon Vizyonumuz, farkl\u0131 hukuk disiplinlerinde uluslararas\u0131 alanda tan\u0131nan, avukatl\u0131k mesle\u011fini m\u00fcvekkillerimizin ihtiya\u00e7lar\u0131n\u0131 en \u00f6nde tutmak suretiyle yarat\u0131c\u0131 \u00e7\u00f6z\u00fcmler sunarak icra eden, mesle\u011fimizin gerektirdi\u011fi en \u00fcst standartlar\u0131 benimsemi\u015f ve muhtemel hukuki riskleri en sa\u011fl\u0131kl\u0131 \u015fekilde [&hellip;]","og_url":"https:\/\/peynircioglu-eren.av.tr\/en\/hakkimizda\/","og_site_name":"Peynircio\u011flu &amp; Eren Hukuk | Dan\u0131\u015fmanl\u0131k Ofisi","article_modified_time":"2023-03-21T12:58:16+00:00","og_image":[{"url":"https:\/\/peynircioglu-eren.av.tr\/wp-content\/uploads\/2021\/09\/hukuk-1-scaled.jpg","type":"","width":"","height":""}],"twitter_card":"summary_large_image","twitter_misc":{"Estimated reading time":"2 minutes"},"schema":{"@context":"https:\/\/schema.org","@graph":[{"@type":"WebPage","@id":"https:\/\/peynircioglu-eren.av.tr\/hakkimizda\/","url":"https:\/\/peynircioglu-eren.av.tr\/hakkimizda\/","name":"Hakk\u0131m\u0131zda - Peynircio\u011flu &amp; Eren Hukuk | Dan\u0131\u015fmanl\u0131k Ofisi","isPartOf":{"@id":"https:\/\/peynircioglu-eren.av.tr\/#website"},"primaryImageOfPage":{"@id":"https:\/\/peynircioglu-eren.av.tr\/hakkimizda\/#primaryimage"},"image":{"@id":"https:\/\/peynircioglu-eren.av.tr\/hakkimizda\/#primaryimage"},"thumbnailUrl":"https:\/\/peynircioglu-eren.av.tr\/wp-content\/uploads\/2021\/09\/hukuk-1-scaled.jpg","datePublished":"2021-09-29T11:07:28+00:00","dateModified":"2023-03-21T12:58:16+00:00","breadcrumb":{"@id":"https:\/\/peynircioglu-eren.av.tr\/hakkimizda\/#breadcrumb"},"inLanguage":"en-GB","potentialAction":[{"@type":"ReadAction","target":["https:\/\/peynircioglu-eren.av.tr\/hakkimizda\/"]}]},{"@type":"ImageObject","inLanguage":"en-GB","@id":"https:\/\/peynircioglu-eren.av.tr\/hakkimizda\/#primaryimage","url":"https:\/\/peynircioglu-eren.av.tr\/wp-content\/uploads\/2021\/09\/hukuk-1-scaled.jpg","contentUrl":"https:\/\/peynircioglu-eren.av.tr\/wp-content\/uploads\/2021\/09\/hukuk-1-scaled.jpg"},{"@type":"BreadcrumbList","@id":"https:\/\/peynircioglu-eren.av.tr\/hakkimizda\/#breadcrumb","itemListElement":[{"@type":"ListItem","position":1,"name":"Anasayfa","item":"https:\/\/peynircioglu-eren.av.tr\/"},{"@type":"ListItem","position":2,"name":"Hakk\u0131m\u0131zda"}]},{"@type":"WebSite","@id":"https:\/\/peynircioglu-eren.av.tr\/#website","url":"https:\/\/peynircioglu-eren.av.tr\/","name":"Peynircio\u011flu &amp; Eren Hukuk | Dan\u0131\u015fmanl\u0131k Ofisi","description":"Peynircio\u011flu &amp; Eren Hukuk | Dan\u0131\u015fmanl\u0131k Ofisi","publisher":{"@id":"https:\/\/peynircioglu-eren.av.tr\/#organization"},"potentialAction":[{"@type":"SearchAction","target":{"@type":"EntryPoint","urlTemplate":"https:\/\/peynircioglu-eren.av.tr\/?s={search_term_string}"},"query-input":{"@type":"PropertyValueSpecification","valueRequired":true,"valueName":"search_term_string"}}],"inLanguage":"en-GB"},{"@type":"Organization","@id":"https:\/\/peynircioglu-eren.av.tr\/#organization","name":"Peynircio\u011flu &amp; Eren Hukuk | Dan\u0131\u015fmanl\u0131k Ofisi","url":"https:\/\/peynircioglu-eren.av.tr\/","logo":{"@type":"ImageObject","inLanguage":"en-GB","@id":"https:\/\/peynircioglu-eren.av.tr\/#\/schema\/logo\/image\/","url":"https:\/\/peynircioglu-eren.av.tr\/wp-content\/uploads\/2021\/10\/pe-imza.jpg","contentUrl":"https:\/\/peynircioglu-eren.av.tr\/wp-content\/uploads\/2021\/10\/pe-imza.jpg","width":320,"height":320,"caption":"Peynircio\u011flu &amp; Eren Hukuk | Dan\u0131\u015fmanl\u0131k Ofisi"},"image":{"@id":"https:\/\/peynircioglu-eren.av.tr\/#\/schema\/logo\/image\/"}}]}},"_links":{"self":[{"href":"https:\/\/peynircioglu-eren.av.tr\/en\/wp-json\/wp\/v2\/pages\/597","targetHints":{"allow":["GET"]}}],"collection":[{"href":"https:\/\/peynircioglu-eren.av.tr\/en\/wp-json\/wp\/v2\/pages"}],"about":[{"href":"https:\/\/peynircioglu-eren.av.tr\/en\/wp-json\/wp\/v2\/types\/page"}],"author":[{"embeddable":true,"href":"https:\/\/peynircioglu-eren.av.tr\/en\/wp-json\/wp\/v2\/users\/1"}],"replies":[{"embeddable":true,"href":"https:\/\/peynircioglu-eren.av.tr\/en\/wp-json\/wp\/v2\/comments?post=597"}],"version-history":[{"count":71,"href":"https:\/\/peynircioglu-eren.av.tr\/en\/wp-json\/wp\/v2\/pages\/597\/revisions"}],"predecessor-version":[{"id":904,"href":"https:\/\/peynircioglu-eren.av.tr\/en\/wp-json\/wp\/v2\/pages\/597\/revisions\/904"}],"wp:attachment":[{"href":"https:\/\/peynircioglu-eren.av.tr\/en\/wp-json\/wp\/v2\/media?parent=597"}],"curies":[{"name":"wp","href":"https:\/\/api.w.org\/{rel}","templated":true}]}}