{"id":5,"date":"2019-09-30T13:00:20","date_gmt":"2019-09-30T13:00:20","guid":{"rendered":"https:\/\/codeless.co\/regn\/lawyer\/?page_id=5"},"modified":"2021-09-27T20:05:01","modified_gmt":"2021-09-27T17:05:01","slug":"home","status":"publish","type":"page","link":"https:\/\/peynircioglu-eren.av.tr\/en\/","title":{"rendered":"Main Page"},"content":{"rendered":"<div data-vc-full-width=\"true\" data-vc-full-width-init=\"false\" data-vc-stretch-content=\"true\" class=\"vc_row wpb_row vc_row-fluid vc_custom_1632391165674 vc_row-no-padding\"><div class=\"wpb_column vc_column_container vc_col-sm-12 cl-skin-dark\"><div class=\"vc_column-inner\"><div class=\"wpb_wrapper\">\n\t\t\t<!-- START Slider 1 REVOLUTION SLIDER 6.5.6 --><p class=\"rs-p-wp-fix\"><\/p>\n\t\t\t<rs-module-wrap id=\"rev_slider_1_1_wrapper\" data-source=\"gallery\" style=\"visibility:hidden;background:transparent;padding:0;margin:0px auto;margin-top:0;margin-bottom:0;\">\n\t\t\t\t<rs-module id=\"rev_slider_1_1\" style=\"\" data-version=\"6.5.6\">\n\t\t\t\t\t<rs-slides>\n\t\t\t\t\t\t<rs-slide style=\"position: absolute;\" data-key=\"rs-1\" data-title=\"Slide\" data-thumb=\"\/\/peynircioglu-eren.av.tr\/wp-content\/uploads\/2021\/09\/slider-3-scaled-50x100.jpg\" data-duration=\"4000ms\" data-in=\"o:0;\" data-out=\"a:false;\">\n\t\t\t\t\t\t\t<img fetchpriority=\"high\" decoding=\"async\" src=\"\/\/peynircioglu-eren.av.tr\/wp-content\/plugins\/revslider\/public\/assets\/assets\/dummy.png\" alt=\"peynircioglu-eren-slider-3\" title=\"peynircioglu-eren-slider-3\" width=\"2560\" height=\"1707\" class=\"rev-slidebg tp-rs-img rs-lazyload\" data-lazyload=\"\/\/peynircioglu-eren.av.tr\/wp-content\/uploads\/2021\/09\/slider-3-scaled.jpg\" data-parallax=\"2\" data-no-retina>\n<!--\n\t\t\t\t\t\t\t--><rs-layer\n\t\t\t\t\t\t\t\tid=\"slider-1-slide-1-layer-0\" \n\t\t\t\t\t\t\t\tclass=\"rs-pxl-2\"\n\t\t\t\t\t\t\t\tdata-type=\"text\"\n\t\t\t\t\t\t\t\tdata-color=\"#ffffff\"\n\t\t\t\t\t\t\t\tdata-rsp_ch=\"on\"\n\t\t\t\t\t\t\t\tdata-xy=\"x:c;xo:10px;y:c;\"\n\t\t\t\t\t\t\t\tdata-text=\"w:normal;s:55;l:50;fw:600;a:center;\"\n\t\t\t\t\t\t\t\tdata-frame_1=\"sR:990;\"\n\t\t\t\t\t\t\t\tdata-frame_999=\"o:0;st:w;\"\n\t\t\t\t\t\t\t\tstyle=\"z-index:10;background-color:rgba(0,0,0,0.5);font-family:'Raleway';\"\n\t\t\t\t\t\t\t>PEYN\u0130RC\u0130O\u011eLU &amp; EREN \n\t\t\t\t\t\t\t<\/rs-layer><!--\n\n\t\t\t\t\t\t\t--><rs-layer\n\t\t\t\t\t\t\t\tid=\"slider-1-slide-1-layer-1\" \n\t\t\t\t\t\t\t\tclass=\"rs-pxl-2\"\n\t\t\t\t\t\t\t\tdata-type=\"shape\"\n\t\t\t\t\t\t\t\tdata-rsp_ch=\"on\"\n\t\t\t\t\t\t\t\tdata-xy=\"y:-1px;\"\n\t\t\t\t\t\t\t\tdata-text=\"w:normal;\"\n\t\t\t\t\t\t\t\tdata-dim=\"w:100%;h:100%;\"\n\t\t\t\t\t\t\t\tdata-basealign=\"slide\"\n\t\t\t\t\t\t\t\tdata-blendmode=\"overlay\"\n\t\t\t\t\t\t\t\tdata-frame_999=\"o:0;st:w;\"\n\t\t\t\t\t\t\t\tstyle=\"z-index:8;background-color:rgba(0,0,0,0.41);\"\n\t\t\t\t\t\t\t> \n\t\t\t\t\t\t\t<\/rs-layer><!--\n\n\t\t\t\t\t\t\t--><rs-layer\n\t\t\t\t\t\t\t\tid=\"slider-1-slide-1-layer-3\" \n\t\t\t\t\t\t\t\tclass=\"rs-pxl-2\"\n\t\t\t\t\t\t\t\tdata-type=\"text\"\n\t\t\t\t\t\t\t\tdata-color=\"#ffffff\"\n\t\t\t\t\t\t\t\tdata-rsp_ch=\"on\"\n\t\t\t\t\t\t\t\tdata-xy=\"x:c;xo:10px;y:c;yo:50px;\"\n\t\t\t\t\t\t\t\tdata-text=\"w:normal;s:40;l:50;a:center;\"\n\t\t\t\t\t\t\t\tdata-frame_1=\"sR:990;\"\n\t\t\t\t\t\t\t\tdata-frame_999=\"o:0;st:w;\"\n\t\t\t\t\t\t\t\tstyle=\"z-index:9;background-color:rgba(0,0,0,0.5);font-family:'Raleway';\"\n\t\t\t\t\t\t\t>LAW | CONSULTANCY \n\t\t\t\t\t\t\t<\/rs-layer><!--\n-->\t\t\t\t\t\t<\/rs-slide>\n\t\t\t\t\t\t<rs-slide style=\"position: absolute;\" data-key=\"rs-3\" data-title=\"Slide\" data-thumb=\"\/\/peynircioglu-eren.av.tr\/wp-content\/uploads\/2021\/09\/slider-1-scaled-50x100.jpg\" data-duration=\"4000ms\" data-in=\"o:0;\" data-out=\"a:false;\">\n\t\t\t\t\t\t\t<img decoding=\"async\" src=\"\/\/peynircioglu-eren.av.tr\/wp-content\/plugins\/revslider\/public\/assets\/assets\/dummy.png\" alt=\"peynircioglu-eren-slider-1\" title=\"peynircioglu-eren-slider-1\" width=\"2560\" height=\"1707\" class=\"rev-slidebg tp-rs-img rs-lazyload\" data-lazyload=\"\/\/peynircioglu-eren.av.tr\/wp-content\/uploads\/2021\/09\/slider-1-scaled.jpg\" data-parallax=\"2\" data-no-retina>\n<!--\n\t\t\t\t\t\t\t--><rs-layer\n\t\t\t\t\t\t\t\tid=\"slider-1-slide-3-layer-1\" \n\t\t\t\t\t\t\t\tclass=\"rs-pxl-2\"\n\t\t\t\t\t\t\t\tdata-type=\"shape\"\n\t\t\t\t\t\t\t\tdata-rsp_ch=\"on\"\n\t\t\t\t\t\t\t\tdata-xy=\"y:-1px;\"\n\t\t\t\t\t\t\t\tdata-text=\"w:normal;\"\n\t\t\t\t\t\t\t\tdata-dim=\"w:100%;h:100%;\"\n\t\t\t\t\t\t\t\tdata-basealign=\"slide\"\n\t\t\t\t\t\t\t\tdata-blendmode=\"overlay\"\n\t\t\t\t\t\t\t\tdata-frame_999=\"o:0;st:w;\"\n\t\t\t\t\t\t\t\tstyle=\"z-index:8;background-color:rgba(0,0,0,0.41);\"\n\t\t\t\t\t\t\t> \n\t\t\t\t\t\t\t<\/rs-layer><!--\n\n\t\t\t\t\t\t\t--><rs-layer\n\t\t\t\t\t\t\t\tid=\"slider-1-slide-3-layer-3\" \n\t\t\t\t\t\t\t\tclass=\"rs-pxl-2\"\n\t\t\t\t\t\t\t\tdata-type=\"text\"\n\t\t\t\t\t\t\t\tdata-color=\"#ffffff\"\n\t\t\t\t\t\t\t\tdata-rsp_ch=\"on\"\n\t\t\t\t\t\t\t\tdata-xy=\"x:c;xo:10px;y:c;yo:50px;\"\n\t\t\t\t\t\t\t\tdata-text=\"w:normal;s:40;l:50;a:center;\"\n\t\t\t\t\t\t\t\tdata-frame_1=\"sR:990;\"\n\t\t\t\t\t\t\t\tdata-frame_999=\"o:0;st:w;\"\n\t\t\t\t\t\t\t\tstyle=\"z-index:9;background-color:rgba(0,0,0,0.5);font-family:'Raleway';\"\n\t\t\t\t\t\t\t>LAW | CONSULTANCY \n\t\t\t\t\t\t\t<\/rs-layer><!--\n\n\t\t\t\t\t\t\t--><rs-layer\n\t\t\t\t\t\t\t\tid=\"slider-1-slide-3-layer-4\" \n\t\t\t\t\t\t\t\tclass=\"rs-pxl-2\"\n\t\t\t\t\t\t\t\tdata-type=\"text\"\n\t\t\t\t\t\t\t\tdata-color=\"#ffffff\"\n\t\t\t\t\t\t\t\tdata-rsp_ch=\"on\"\n\t\t\t\t\t\t\t\tdata-xy=\"x:c;xo:10px;y:c;\"\n\t\t\t\t\t\t\t\tdata-text=\"w:normal;s:55;l:50;fw:600;a:center;\"\n\t\t\t\t\t\t\t\tdata-frame_1=\"sR:990;\"\n\t\t\t\t\t\t\t\tdata-frame_999=\"o:0;st:w;\"\n\t\t\t\t\t\t\t\tstyle=\"z-index:10;background-color:rgba(0,0,0,0.5);font-family:'Raleway';\"\n\t\t\t\t\t\t\t>PEYN\u0130RC\u0130O\u011eLU &amp; EREN \n\t\t\t\t\t\t\t<\/rs-layer><!--\n-->\t\t\t\t\t\t<\/rs-slide>\n\t\t\t\t\t\t<rs-slide style=\"position: absolute;\" data-key=\"rs-4\" data-title=\"Slide\" data-thumb=\"\/\/peynircioglu-eren.av.tr\/wp-content\/uploads\/2021\/09\/slider-2-scaled-50x100.jpg\" data-duration=\"4000ms\" data-in=\"o:0;\" data-out=\"a:false;\">\n\t\t\t\t\t\t\t<img decoding=\"async\" src=\"\/\/peynircioglu-eren.av.tr\/wp-content\/plugins\/revslider\/public\/assets\/assets\/dummy.png\" alt=\"peynircioglu-eren-slider-2\" title=\"peynircioglu-eren-slider-2\" width=\"2560\" height=\"1707\" class=\"rev-slidebg tp-rs-img rs-lazyload\" data-lazyload=\"\/\/peynircioglu-eren.av.tr\/wp-content\/uploads\/2021\/09\/slider-2-scaled.jpg\" data-parallax=\"2\" data-no-retina>\n<!--\n\t\t\t\t\t\t\t--><rs-layer\n\t\t\t\t\t\t\t\tid=\"slider-1-slide-4-layer-1\" \n\t\t\t\t\t\t\t\tclass=\"rs-pxl-2\"\n\t\t\t\t\t\t\t\tdata-type=\"shape\"\n\t\t\t\t\t\t\t\tdata-rsp_ch=\"on\"\n\t\t\t\t\t\t\t\tdata-xy=\"y:-1px;\"\n\t\t\t\t\t\t\t\tdata-text=\"w:normal;\"\n\t\t\t\t\t\t\t\tdata-dim=\"w:100%;h:100%;\"\n\t\t\t\t\t\t\t\tdata-basealign=\"slide\"\n\t\t\t\t\t\t\t\tdata-blendmode=\"overlay\"\n\t\t\t\t\t\t\t\tdata-frame_999=\"o:0;st:w;\"\n\t\t\t\t\t\t\t\tstyle=\"z-index:8;background-color:rgba(0,0,0,0.41);\"\n\t\t\t\t\t\t\t> \n\t\t\t\t\t\t\t<\/rs-layer><!--\n\n\t\t\t\t\t\t\t--><rs-layer\n\t\t\t\t\t\t\t\tid=\"slider-1-slide-4-layer-3\" \n\t\t\t\t\t\t\t\tclass=\"rs-pxl-2\"\n\t\t\t\t\t\t\t\tdata-type=\"text\"\n\t\t\t\t\t\t\t\tdata-color=\"#ffffff\"\n\t\t\t\t\t\t\t\tdata-rsp_ch=\"on\"\n\t\t\t\t\t\t\t\tdata-xy=\"x:c;xo:10px;y:c;yo:50px;\"\n\t\t\t\t\t\t\t\tdata-text=\"w:normal;s:40;l:50;a:center;\"\n\t\t\t\t\t\t\t\tdata-frame_1=\"sR:990;\"\n\t\t\t\t\t\t\t\tdata-frame_999=\"o:0;st:w;\"\n\t\t\t\t\t\t\t\tstyle=\"z-index:9;background-color:rgba(0,0,0,0.5);font-family:'Raleway';\"\n\t\t\t\t\t\t\t>LAW | CONSULTANCY \n\t\t\t\t\t\t\t<\/rs-layer><!--\n\n\t\t\t\t\t\t\t--><rs-layer\n\t\t\t\t\t\t\t\tid=\"slider-1-slide-4-layer-5\" \n\t\t\t\t\t\t\t\tclass=\"rs-pxl-2\"\n\t\t\t\t\t\t\t\tdata-type=\"text\"\n\t\t\t\t\t\t\t\tdata-color=\"#ffffff\"\n\t\t\t\t\t\t\t\tdata-rsp_ch=\"on\"\n\t\t\t\t\t\t\t\tdata-xy=\"x:c;xo:10px;y:c;\"\n\t\t\t\t\t\t\t\tdata-text=\"w:normal;s:55;l:50;fw:600;a:center;\"\n\t\t\t\t\t\t\t\tdata-frame_1=\"sR:990;\"\n\t\t\t\t\t\t\t\tdata-frame_999=\"o:0;st:w;\"\n\t\t\t\t\t\t\t\tstyle=\"z-index:10;background-color:rgba(0,0,0,0.5);font-family:'Raleway';\"\n\t\t\t\t\t\t\t>PEYN\u0130RC\u0130O\u011eLU &amp; EREN \n\t\t\t\t\t\t\t<\/rs-layer><!--\n-->\t\t\t\t\t\t<\/rs-slide>\n\t\t\t\t\t<\/rs-slides>\n\t\t\t\t<\/rs-module>\n\t\t\t\t<script type=\"text\/javascript\">\n\t\t\t\t\tsetREVStartSize({c: 'rev_slider_1_1',rl:[1240,1024,778,480],el:[900],gw:[1240],gh:[900],type:'standard',justify:'',layout:'fullwidth',mh:\"0\"});if (window.RS_MODULES!==undefined && window.RS_MODULES.modules!==undefined && window.RS_MODULES.modules[\"revslider11\"]!==undefined) {window.RS_MODULES.modules[\"revslider11\"].once = false;window.revapi1 = undefined;if (window.RS_MODULES.checkMinimal!==undefined) window.RS_MODULES.checkMinimal()}\n\t\t\t\t<\/script>\n\t\t\t<\/rs-module-wrap>\n\t\t\t<!-- END REVOLUTION SLIDER -->\n<\/div><\/div><\/div><\/div><div class=\"vc_row-full-width vc_clearfix\"><\/div>","protected":false},"excerpt":{"rendered":"PEYN\u0130RC\u0130O\u011eLU & EREN HUKUK | DANI\u015eMANLIK OF\u0130S\u0130 HUKUK | DANI\u015eMANLIK OF\u0130S\u0130 PEYN\u0130RC\u0130O\u011eLU & EREN HUKUK | DANI\u015eMANLIK OF\u0130S\u0130 PEYN\u0130RC\u0130O\u011eLU & EREN","protected":false},"author":1,"featured_media":0,"parent":0,"menu_order":0,"comment_status":"closed","ping_status":"closed","template":"","meta":{"footnotes":""},"class_list":["post-5","page","type-page","status-publish","hentry"],"yoast_head":"<!-- This site is optimized with the Yoast SEO plugin v24.4 - https:\/\/yoast.com\/wordpress\/plugins\/seo\/ -->\n<title>Ana Sayfa - Peynircio\u011flu &amp; Eren Hukuk | Dan\u0131\u015fmanl\u0131k Ofisi<\/title>\n<meta name=\"robots\" content=\"index, follow, max-snippet:-1, max-image-preview:large, max-video-preview:-1\" \/>\n<link rel=\"canonical\" href=\"https:\/\/peynircioglu-eren.av.tr\/en\/\" \/>\n<meta property=\"og:locale\" content=\"en_GB\" \/>\n<meta property=\"og:type\" content=\"article\" \/>\n<meta property=\"og:title\" content=\"Ana Sayfa - Peynircio\u011flu &amp; Eren Hukuk | Dan\u0131\u015fmanl\u0131k Ofisi\" \/>\n<meta property=\"og:url\" content=\"https:\/\/peynircioglu-eren.av.tr\/en\/\" \/>\n<meta property=\"og:site_name\" content=\"Peynircio\u011flu &amp; Eren Hukuk | Dan\u0131\u015fmanl\u0131k Ofisi\" \/>\n<meta property=\"article:modified_time\" content=\"2021-09-27T17:05:01+00:00\" \/>\n<meta name=\"twitter:card\" content=\"summary_large_image\" \/>\n<meta name=\"twitter:label1\" content=\"Estimated reading time\" \/>\n\t<meta name=\"twitter:data1\" content=\"1 minute\" \/>\n<script type=\"application\/ld+json\" class=\"yoast-schema-graph\">{\"@context\":\"https:\/\/schema.org\",\"@graph\":[{\"@type\":\"WebPage\",\"@id\":\"https:\/\/peynircioglu-eren.av.tr\/\",\"url\":\"https:\/\/peynircioglu-eren.av.tr\/\",\"name\":\"Ana Sayfa - Peynircio\u011flu &amp; Eren Hukuk | Dan\u0131\u015fmanl\u0131k Ofisi\",\"isPartOf\":{\"@id\":\"https:\/\/peynircioglu-eren.av.tr\/#website\"},\"datePublished\":\"2019-09-30T13:00:20+00:00\",\"dateModified\":\"2021-09-27T17:05:01+00:00\",\"breadcrumb\":{\"@id\":\"https:\/\/peynircioglu-eren.av.tr\/#breadcrumb\"},\"inLanguage\":\"en-GB\",\"potentialAction\":[{\"@type\":\"ReadAction\",\"target\":[\"https:\/\/peynircioglu-eren.av.tr\/\"]}]},{\"@type\":\"BreadcrumbList\",\"@id\":\"https:\/\/peynircioglu-eren.av.tr\/#breadcrumb\",\"itemListElement\":[{\"@type\":\"ListItem\",\"position\":1,\"name\":\"Anasayfa\",\"item\":\"https:\/\/peynircioglu-eren.av.tr\/\"},{\"@type\":\"ListItem\",\"position\":2,\"name\":\"Ana Sayfa\"}]},{\"@type\":\"WebSite\",\"@id\":\"https:\/\/peynircioglu-eren.av.tr\/#website\",\"url\":\"https:\/\/peynircioglu-eren.av.tr\/\",\"name\":\"Peynircio\u011flu &amp; Eren Hukuk | Dan\u0131\u015fmanl\u0131k Ofisi\",\"description\":\"Peynircio\u011flu &amp; Eren Hukuk | Dan\u0131\u015fmanl\u0131k Ofisi\",\"publisher\":{\"@id\":\"https:\/\/peynircioglu-eren.av.tr\/#organization\"},\"potentialAction\":[{\"@type\":\"SearchAction\",\"target\":{\"@type\":\"EntryPoint\",\"urlTemplate\":\"https:\/\/peynircioglu-eren.av.tr\/?s={search_term_string}\"},\"query-input\":{\"@type\":\"PropertyValueSpecification\",\"valueRequired\":true,\"valueName\":\"search_term_string\"}}],\"inLanguage\":\"en-GB\"},{\"@type\":\"Organization\",\"@id\":\"https:\/\/peynircioglu-eren.av.tr\/#organization\",\"name\":\"Peynircio\u011flu &amp; Eren Hukuk | Dan\u0131\u015fmanl\u0131k Ofisi\",\"url\":\"https:\/\/peynircioglu-eren.av.tr\/\",\"logo\":{\"@type\":\"ImageObject\",\"inLanguage\":\"en-GB\",\"@id\":\"https:\/\/peynircioglu-eren.av.tr\/#\/schema\/logo\/image\/\",\"url\":\"https:\/\/peynircioglu-eren.av.tr\/wp-content\/uploads\/2021\/10\/pe-imza.jpg\",\"contentUrl\":\"https:\/\/peynircioglu-eren.av.tr\/wp-content\/uploads\/2021\/10\/pe-imza.jpg\",\"width\":320,\"height\":320,\"caption\":\"Peynircio\u011flu &amp; Eren Hukuk | Dan\u0131\u015fmanl\u0131k Ofisi\"},\"image\":{\"@id\":\"https:\/\/peynircioglu-eren.av.tr\/#\/schema\/logo\/image\/\"}}]}<\/script>\n<!-- \/ Yoast SEO plugin. -->","yoast_head_json":{"title":"Ana Sayfa - Peynircio\u011flu &amp; Eren Hukuk | Dan\u0131\u015fmanl\u0131k Ofisi","robots":{"index":"index","follow":"follow","max-snippet":"max-snippet:-1","max-image-preview":"max-image-preview:large","max-video-preview":"max-video-preview:-1"},"canonical":"https:\/\/peynircioglu-eren.av.tr\/en\/","og_locale":"en_GB","og_type":"article","og_title":"Ana Sayfa - Peynircio\u011flu &amp; Eren Hukuk | Dan\u0131\u015fmanl\u0131k Ofisi","og_url":"https:\/\/peynircioglu-eren.av.tr\/en\/","og_site_name":"Peynircio\u011flu &amp; Eren Hukuk | Dan\u0131\u015fmanl\u0131k Ofisi","article_modified_time":"2021-09-27T17:05:01+00:00","twitter_card":"summary_large_image","twitter_misc":{"Estimated reading time":"1 minute"},"schema":{"@context":"https:\/\/schema.org","@graph":[{"@type":"WebPage","@id":"https:\/\/peynircioglu-eren.av.tr\/","url":"https:\/\/peynircioglu-eren.av.tr\/","name":"Ana Sayfa - Peynircio\u011flu &amp; Eren Hukuk | Dan\u0131\u015fmanl\u0131k Ofisi","isPartOf":{"@id":"https:\/\/peynircioglu-eren.av.tr\/#website"},"datePublished":"2019-09-30T13:00:20+00:00","dateModified":"2021-09-27T17:05:01+00:00","breadcrumb":{"@id":"https:\/\/peynircioglu-eren.av.tr\/#breadcrumb"},"inLanguage":"en-GB","potentialAction":[{"@type":"ReadAction","target":["https:\/\/peynircioglu-eren.av.tr\/"]}]},{"@type":"BreadcrumbList","@id":"https:\/\/peynircioglu-eren.av.tr\/#breadcrumb","itemListElement":[{"@type":"ListItem","position":1,"name":"Anasayfa","item":"https:\/\/peynircioglu-eren.av.tr\/"},{"@type":"ListItem","position":2,"name":"Ana Sayfa"}]},{"@type":"WebSite","@id":"https:\/\/peynircioglu-eren.av.tr\/#website","url":"https:\/\/peynircioglu-eren.av.tr\/","name":"Peynircio\u011flu &amp; Eren Hukuk | Dan\u0131\u015fmanl\u0131k Ofisi","description":"Peynircio\u011flu &amp; Eren Hukuk | Dan\u0131\u015fmanl\u0131k Ofisi","publisher":{"@id":"https:\/\/peynircioglu-eren.av.tr\/#organization"},"potentialAction":[{"@type":"SearchAction","target":{"@type":"EntryPoint","urlTemplate":"https:\/\/peynircioglu-eren.av.tr\/?s={search_term_string}"},"query-input":{"@type":"PropertyValueSpecification","valueRequired":true,"valueName":"search_term_string"}}],"inLanguage":"en-GB"},{"@type":"Organization","@id":"https:\/\/peynircioglu-eren.av.tr\/#organization","name":"Peynircio\u011flu &amp; Eren Hukuk | Dan\u0131\u015fmanl\u0131k Ofisi","url":"https:\/\/peynircioglu-eren.av.tr\/","logo":{"@type":"ImageObject","inLanguage":"en-GB","@id":"https:\/\/peynircioglu-eren.av.tr\/#\/schema\/logo\/image\/","url":"https:\/\/peynircioglu-eren.av.tr\/wp-content\/uploads\/2021\/10\/pe-imza.jpg","contentUrl":"https:\/\/peynircioglu-eren.av.tr\/wp-content\/uploads\/2021\/10\/pe-imza.jpg","width":320,"height":320,"caption":"Peynircio\u011flu &amp; Eren Hukuk | Dan\u0131\u015fmanl\u0131k Ofisi"},"image":{"@id":"https:\/\/peynircioglu-eren.av.tr\/#\/schema\/logo\/image\/"}}]}},"_links":{"self":[{"href":"https:\/\/peynircioglu-eren.av.tr\/en\/wp-json\/wp\/v2\/pages\/5","targetHints":{"allow":["GET"]}}],"collection":[{"href":"https:\/\/peynircioglu-eren.av.tr\/en\/wp-json\/wp\/v2\/pages"}],"about":[{"href":"https:\/\/peynircioglu-eren.av.tr\/en\/wp-json\/wp\/v2\/types\/page"}],"author":[{"embeddable":true,"href":"https:\/\/peynircioglu-eren.av.tr\/en\/wp-json\/wp\/v2\/users\/1"}],"replies":[{"embeddable":true,"href":"https:\/\/peynircioglu-eren.av.tr\/en\/wp-json\/wp\/v2\/comments?post=5"}],"version-history":[{"count":56,"href":"https:\/\/peynircioglu-eren.av.tr\/en\/wp-json\/wp\/v2\/pages\/5\/revisions"}],"predecessor-version":[{"id":532,"href":"https:\/\/peynircioglu-eren.av.tr\/en\/wp-json\/wp\/v2\/pages\/5\/revisions\/532"}],"wp:attachment":[{"href":"https:\/\/peynircioglu-eren.av.tr\/en\/wp-json\/wp\/v2\/media?parent=5"}],"curies":[{"name":"wp","href":"https:\/\/api.w.org\/{rel}","templated":true}]}}