{"id":384,"date":"2021-09-23T04:46:18","date_gmt":"2021-09-23T01:46:18","guid":{"rendered":"https:\/\/peynircioglu-eren.av.tr\/?page_id=384"},"modified":"2021-09-27T20:55:57","modified_gmt":"2021-09-27T17:55:57","slug":"cozum-ortaklarimiz","status":"publish","type":"page","link":"https:\/\/peynircioglu-eren.av.tr\/en\/cozum-ortaklarimiz\/","title":{"rendered":"Solution Partners"},"content":{"rendered":"<div data-vc-full-width=\"true\" data-vc-full-width-init=\"false\" class=\"vc_row wpb_row vc_row-fluid vc_custom_1632765353875 vc_row-has-fill\"><div class=\"wpb_column vc_column_container vc_col-sm-12 cl-skin-dark\"><div class=\"vc_column-inner\"><div class=\"wpb_wrapper\">\n\t<div  class=\"wpb_single_image wpb_content_element vc_align_center\">\n\t\t\n\t\t<figure class=\"wpb_wrapper vc_figure\">\n\t\t\t<a href=\"https:\/\/www.yourtriallawyer.com\/\" target=\"_blank\" class=\"vc_single_image-wrapper vc_box_shadow_3d  vc_box_border_grey\"><img fetchpriority=\"high\" decoding=\"async\" width=\"501\" height=\"501\" src=\"https:\/\/peynircioglu-eren.av.tr\/wp-content\/uploads\/2021\/09\/nima.jpeg\" class=\"vc_single_image-img attachment-full\" alt=\"Nima PLLC\" srcset=\"https:\/\/peynircioglu-eren.av.tr\/wp-content\/uploads\/2021\/09\/nima.jpeg 501w, https:\/\/peynircioglu-eren.av.tr\/wp-content\/uploads\/2021\/09\/nima-300x300.jpeg 300w, https:\/\/peynircioglu-eren.av.tr\/wp-content\/uploads\/2021\/09\/nima-150x150.jpeg 150w\" sizes=\"(max-width: 501px) 100vw, 501px\" \/><\/a>\n\t\t<\/figure>\n\t<\/div>\n\n\t<div class=\"wpb_text_column wpb_content_element\" >\n\t\t<div class=\"wpb_wrapper\">\n\t\t\t<p><strong>+1 540-874-2587<\/strong><\/p>\n<p><strong>New York Office:<\/strong> 85 Broad Street, Suite 100, New York, NY 10004<\/p>\n<p><strong>Texas Office:<\/strong> 1001 Texas Street, Suite 1400, Houston, TX 77002<\/p>\n<p><strong>Arizona Office:<\/strong> 207 W Clarendon Ave, Suite 18B, Phoenix, AZ 85013<\/p>\n<p><strong>California Office:<\/strong> 217 E Alameda Ave, Suite 303, Burbank, CA 91502<\/p>\n\n\t\t<\/div>\n\t<\/div>\n<\/div><\/div><\/div><\/div><div class=\"vc_row-full-width vc_clearfix\"><\/div>","protected":false},"excerpt":{"rendered":"+1 540-874-2587 New York Office: 85 Broad Street, Suite 100, New York, NY 10004 Texas Office: 1001 Texas Street, Suite 1400, Houston, TX 77002 Arizona Office: 207 W Clarendon Ave, Suite 18B, Phoenix, AZ 85013 California Office: 217 E Alameda [...]","protected":false},"author":1,"featured_media":0,"parent":0,"menu_order":0,"comment_status":"closed","ping_status":"closed","template":"","meta":{"footnotes":""},"class_list":["post-384","page","type-page","status-publish","hentry"],"yoast_head":"<!-- This site is optimized with the Yoast SEO plugin v24.4 - https:\/\/yoast.com\/wordpress\/plugins\/seo\/ -->\n<title>\u00c7\u00f6z\u00fcm Ortaklar\u0131m\u0131z - Peynircio\u011flu &amp; Eren Hukuk | Dan\u0131\u015fmanl\u0131k Ofisi<\/title>\n<meta name=\"robots\" content=\"index, follow, max-snippet:-1, max-image-preview:large, max-video-preview:-1\" \/>\n<link rel=\"canonical\" href=\"https:\/\/peynircioglu-eren.av.tr\/en\/cozum-ortaklarimiz\/\" \/>\n<meta property=\"og:locale\" content=\"en_GB\" \/>\n<meta property=\"og:type\" content=\"article\" \/>\n<meta property=\"og:title\" content=\"\u00c7\u00f6z\u00fcm Ortaklar\u0131m\u0131z - Peynircio\u011flu &amp; Eren Hukuk | Dan\u0131\u015fmanl\u0131k Ofisi\" \/>\n<meta property=\"og:url\" content=\"https:\/\/peynircioglu-eren.av.tr\/en\/cozum-ortaklarimiz\/\" \/>\n<meta property=\"og:site_name\" content=\"Peynircio\u011flu &amp; Eren Hukuk | Dan\u0131\u015fmanl\u0131k Ofisi\" \/>\n<meta property=\"article:modified_time\" content=\"2021-09-27T17:55:57+00:00\" \/>\n<meta name=\"twitter:card\" content=\"summary_large_image\" \/>\n<meta name=\"twitter:label1\" content=\"Estimated reading time\" \/>\n\t<meta name=\"twitter:data1\" content=\"1 minute\" \/>\n<script type=\"application\/ld+json\" class=\"yoast-schema-graph\">{\"@context\":\"https:\/\/schema.org\",\"@graph\":[{\"@type\":\"WebPage\",\"@id\":\"https:\/\/peynircioglu-eren.av.tr\/en\/cozum-ortaklarimiz\/\",\"url\":\"https:\/\/peynircioglu-eren.av.tr\/en\/cozum-ortaklarimiz\/\",\"name\":\"\u00c7\u00f6z\u00fcm Ortaklar\u0131m\u0131z - Peynircio\u011flu &amp; Eren Hukuk | Dan\u0131\u015fmanl\u0131k Ofisi\",\"isPartOf\":{\"@id\":\"https:\/\/peynircioglu-eren.av.tr\/#website\"},\"datePublished\":\"2021-09-23T01:46:18+00:00\",\"dateModified\":\"2021-09-27T17:55:57+00:00\",\"breadcrumb\":{\"@id\":\"https:\/\/peynircioglu-eren.av.tr\/en\/cozum-ortaklarimiz\/#breadcrumb\"},\"inLanguage\":\"en-GB\",\"potentialAction\":[{\"@type\":\"ReadAction\",\"target\":[\"https:\/\/peynircioglu-eren.av.tr\/en\/cozum-ortaklarimiz\/\"]}]},{\"@type\":\"BreadcrumbList\",\"@id\":\"https:\/\/peynircioglu-eren.av.tr\/en\/cozum-ortaklarimiz\/#breadcrumb\",\"itemListElement\":[{\"@type\":\"ListItem\",\"position\":1,\"name\":\"Anasayfa\",\"item\":\"https:\/\/peynircioglu-eren.av.tr\/\"},{\"@type\":\"ListItem\",\"position\":2,\"name\":\"\u00c7\u00f6z\u00fcm Ortaklar\u0131m\u0131z\"}]},{\"@type\":\"WebSite\",\"@id\":\"https:\/\/peynircioglu-eren.av.tr\/#website\",\"url\":\"https:\/\/peynircioglu-eren.av.tr\/\",\"name\":\"Peynircio\u011flu &amp; Eren Hukuk | Dan\u0131\u015fmanl\u0131k Ofisi\",\"description\":\"Peynircio\u011flu &amp; Eren Hukuk | Dan\u0131\u015fmanl\u0131k Ofisi\",\"publisher\":{\"@id\":\"https:\/\/peynircioglu-eren.av.tr\/#organization\"},\"potentialAction\":[{\"@type\":\"SearchAction\",\"target\":{\"@type\":\"EntryPoint\",\"urlTemplate\":\"https:\/\/peynircioglu-eren.av.tr\/?s={search_term_string}\"},\"query-input\":{\"@type\":\"PropertyValueSpecification\",\"valueRequired\":true,\"valueName\":\"search_term_string\"}}],\"inLanguage\":\"en-GB\"},{\"@type\":\"Organization\",\"@id\":\"https:\/\/peynircioglu-eren.av.tr\/#organization\",\"name\":\"Peynircio\u011flu &amp; Eren Hukuk | Dan\u0131\u015fmanl\u0131k Ofisi\",\"url\":\"https:\/\/peynircioglu-eren.av.tr\/\",\"logo\":{\"@type\":\"ImageObject\",\"inLanguage\":\"en-GB\",\"@id\":\"https:\/\/peynircioglu-eren.av.tr\/#\/schema\/logo\/image\/\",\"url\":\"https:\/\/peynircioglu-eren.av.tr\/wp-content\/uploads\/2021\/10\/pe-imza.jpg\",\"contentUrl\":\"https:\/\/peynircioglu-eren.av.tr\/wp-content\/uploads\/2021\/10\/pe-imza.jpg\",\"width\":320,\"height\":320,\"caption\":\"Peynircio\u011flu &amp; Eren Hukuk | Dan\u0131\u015fmanl\u0131k Ofisi\"},\"image\":{\"@id\":\"https:\/\/peynircioglu-eren.av.tr\/#\/schema\/logo\/image\/\"}}]}<\/script>\n<!-- \/ Yoast SEO plugin. -->","yoast_head_json":{"title":"\u00c7\u00f6z\u00fcm Ortaklar\u0131m\u0131z - Peynircio\u011flu &amp; Eren Hukuk | Dan\u0131\u015fmanl\u0131k Ofisi","robots":{"index":"index","follow":"follow","max-snippet":"max-snippet:-1","max-image-preview":"max-image-preview:large","max-video-preview":"max-video-preview:-1"},"canonical":"https:\/\/peynircioglu-eren.av.tr\/en\/cozum-ortaklarimiz\/","og_locale":"en_GB","og_type":"article","og_title":"\u00c7\u00f6z\u00fcm Ortaklar\u0131m\u0131z - Peynircio\u011flu &amp; Eren Hukuk | Dan\u0131\u015fmanl\u0131k Ofisi","og_url":"https:\/\/peynircioglu-eren.av.tr\/en\/cozum-ortaklarimiz\/","og_site_name":"Peynircio\u011flu &amp; Eren Hukuk | Dan\u0131\u015fmanl\u0131k Ofisi","article_modified_time":"2021-09-27T17:55:57+00:00","twitter_card":"summary_large_image","twitter_misc":{"Estimated reading time":"1 minute"},"schema":{"@context":"https:\/\/schema.org","@graph":[{"@type":"WebPage","@id":"https:\/\/peynircioglu-eren.av.tr\/en\/cozum-ortaklarimiz\/","url":"https:\/\/peynircioglu-eren.av.tr\/en\/cozum-ortaklarimiz\/","name":"\u00c7\u00f6z\u00fcm Ortaklar\u0131m\u0131z - Peynircio\u011flu &amp; Eren Hukuk | Dan\u0131\u015fmanl\u0131k Ofisi","isPartOf":{"@id":"https:\/\/peynircioglu-eren.av.tr\/#website"},"datePublished":"2021-09-23T01:46:18+00:00","dateModified":"2021-09-27T17:55:57+00:00","breadcrumb":{"@id":"https:\/\/peynircioglu-eren.av.tr\/en\/cozum-ortaklarimiz\/#breadcrumb"},"inLanguage":"en-GB","potentialAction":[{"@type":"ReadAction","target":["https:\/\/peynircioglu-eren.av.tr\/en\/cozum-ortaklarimiz\/"]}]},{"@type":"BreadcrumbList","@id":"https:\/\/peynircioglu-eren.av.tr\/en\/cozum-ortaklarimiz\/#breadcrumb","itemListElement":[{"@type":"ListItem","position":1,"name":"Anasayfa","item":"https:\/\/peynircioglu-eren.av.tr\/"},{"@type":"ListItem","position":2,"name":"\u00c7\u00f6z\u00fcm Ortaklar\u0131m\u0131z"}]},{"@type":"WebSite","@id":"https:\/\/peynircioglu-eren.av.tr\/#website","url":"https:\/\/peynircioglu-eren.av.tr\/","name":"Peynircio\u011flu &amp; Eren Hukuk | Dan\u0131\u015fmanl\u0131k Ofisi","description":"Peynircio\u011flu &amp; Eren Hukuk | Dan\u0131\u015fmanl\u0131k Ofisi","publisher":{"@id":"https:\/\/peynircioglu-eren.av.tr\/#organization"},"potentialAction":[{"@type":"SearchAction","target":{"@type":"EntryPoint","urlTemplate":"https:\/\/peynircioglu-eren.av.tr\/?s={search_term_string}"},"query-input":{"@type":"PropertyValueSpecification","valueRequired":true,"valueName":"search_term_string"}}],"inLanguage":"en-GB"},{"@type":"Organization","@id":"https:\/\/peynircioglu-eren.av.tr\/#organization","name":"Peynircio\u011flu &amp; Eren Hukuk | Dan\u0131\u015fmanl\u0131k Ofisi","url":"https:\/\/peynircioglu-eren.av.tr\/","logo":{"@type":"ImageObject","inLanguage":"en-GB","@id":"https:\/\/peynircioglu-eren.av.tr\/#\/schema\/logo\/image\/","url":"https:\/\/peynircioglu-eren.av.tr\/wp-content\/uploads\/2021\/10\/pe-imza.jpg","contentUrl":"https:\/\/peynircioglu-eren.av.tr\/wp-content\/uploads\/2021\/10\/pe-imza.jpg","width":320,"height":320,"caption":"Peynircio\u011flu &amp; Eren Hukuk | Dan\u0131\u015fmanl\u0131k Ofisi"},"image":{"@id":"https:\/\/peynircioglu-eren.av.tr\/#\/schema\/logo\/image\/"}}]}},"_links":{"self":[{"href":"https:\/\/peynircioglu-eren.av.tr\/en\/wp-json\/wp\/v2\/pages\/384","targetHints":{"allow":["GET"]}}],"collection":[{"href":"https:\/\/peynircioglu-eren.av.tr\/en\/wp-json\/wp\/v2\/pages"}],"about":[{"href":"https:\/\/peynircioglu-eren.av.tr\/en\/wp-json\/wp\/v2\/types\/page"}],"author":[{"embeddable":true,"href":"https:\/\/peynircioglu-eren.av.tr\/en\/wp-json\/wp\/v2\/users\/1"}],"replies":[{"embeddable":true,"href":"https:\/\/peynircioglu-eren.av.tr\/en\/wp-json\/wp\/v2\/comments?post=384"}],"version-history":[{"count":19,"href":"https:\/\/peynircioglu-eren.av.tr\/en\/wp-json\/wp\/v2\/pages\/384\/revisions"}],"predecessor-version":[{"id":561,"href":"https:\/\/peynircioglu-eren.av.tr\/en\/wp-json\/wp\/v2\/pages\/384\/revisions\/561"}],"wp:attachment":[{"href":"https:\/\/peynircioglu-eren.av.tr\/en\/wp-json\/wp\/v2\/media?parent=384"}],"curies":[{"name":"wp","href":"https:\/\/api.w.org\/{rel}","templated":true}]}}